{"id":4346,"date":"2026-04-23T12:44:15","date_gmt":"2026-04-23T11:44:15","guid":{"rendered":"https:\/\/downtownportoedition.com\/?page_id=4346"},"modified":"2026-04-23T12:47:13","modified_gmt":"2026-04-23T11:47:13","slug":"politica-de-privacidad","status":"publish","type":"page","link":"https:\/\/downtownportoedition.com\/es\/politica-de-privacidade\/","title":{"rendered":"Pol\u00edtica de privacidad"},"content":{"rendered":"<div data-elementor-type=\"wp-page\" data-elementor-id=\"4346\" class=\"elementor elementor-4346\" data-elementor-post-type=\"page\">\n\t\t\t\t<div class=\"elementor-element elementor-element-acbe697 e-flex e-con-boxed e-con e-parent\" data-id=\"acbe697\" data-element_type=\"container\" data-e-type=\"container\" data-settings=\"{&quot;background_background&quot;:&quot;classic&quot;}\">\n\t\t\t\t\t<div class=\"e-con-inner\">\n\t\t<div class=\"elementor-element elementor-element-4dacc9b e-con-full e-flex e-con e-child\" data-id=\"4dacc9b\" data-element_type=\"container\" data-e-type=\"container\">\n\t\t\t\t<\/div>\n\t\t\t\t\t<\/div>\n\t\t\t\t<\/div>\n\t\t<div class=\"elementor-element elementor-element-ef48864 e-con-full e-flex e-con e-parent\" data-id=\"ef48864\" data-element_type=\"container\" data-e-type=\"container\">\n\t\t<div class=\"elementor-element elementor-element-eef55ff e-con-full e-flex e-con e-child\" data-id=\"eef55ff\" data-element_type=\"container\" data-e-type=\"container\">\n\t\t\t\t<div class=\"elementor-element elementor-element-64515ce elementor-widget elementor-widget-heading\" data-id=\"64515ce\" data-element_type=\"widget\" data-e-type=\"widget\" data-widget_type=\"heading.default\">\n\t\t\t\t\t<h2 class=\"elementor-heading-title elementor-size-default\">Informaci\u00f3n que recopilamos<\/h2>\t\t\t\t<\/div>\n\t\t\t\t<div class=\"elementor-element elementor-element-28a77c6 elementor-widget elementor-widget-text-editor\" data-id=\"28a77c6\" data-element_type=\"widget\" data-e-type=\"widget\" data-widget_type=\"text-editor.default\">\n\t\t\t\t\t\t\t\t\t<p>Recopilamos informaci\u00f3n personal que usted nos proporciona directamente, como por ejemplo<\/p><ul><li>Nombre<\/li><li>Direcci\u00f3n de correo electr\u00f3nico<\/li><li>Informaci\u00f3n de pago (procesada a trav\u00e9s de servicios de terceros como Stripe y PayPal)<\/li><li>Detalles de la reserva (fechas, tipo de unidad, etc.)<\/li><\/ul><p>Adem\u00e1s, podemos recopilar autom\u00e1ticamente datos como informaci\u00f3n de navegaci\u00f3n (direcci\u00f3n IP, tipo de dispositivo, sistema operativo, etc.) a trav\u00e9s de cookies y tecnolog\u00edas similares.<\/p>\t\t\t\t\t\t\t\t<\/div>\n\t\t\t\t<\/div>\n\t\t<div class=\"elementor-element elementor-element-c0c1abf e-con-full e-flex e-con e-child\" data-id=\"c0c1abf\" data-element_type=\"container\" data-e-type=\"container\">\n\t\t\t\t<div class=\"elementor-element elementor-element-a52986d elementor-widget elementor-widget-heading\" data-id=\"a52986d\" data-element_type=\"widget\" data-e-type=\"widget\" data-widget_type=\"heading.default\">\n\t\t\t\t\t<h2 class=\"elementor-heading-title elementor-size-default\">C\u00f3mo utilizamos su informaci\u00f3n<\/h2>\t\t\t\t<\/div>\n\t\t\t\t<div class=\"elementor-element elementor-element-0259223 elementor-widget elementor-widget-text-editor\" data-id=\"0259223\" data-element_type=\"widget\" data-e-type=\"widget\" data-widget_type=\"text-editor.default\">\n\t\t\t\t\t\t\t\t\t<p>Utilizamos su informaci\u00f3n para:<\/p><ul><li>Tramitaci\u00f3n y confirmaci\u00f3n de reservas<\/li><li>Gestione su estancia<\/li><li>Mejorar nuestros servicios y la experiencia del cliente<\/li><li>Enviar comunicaciones sobre reservas, promociones y actualizaciones<\/li><li>Cumplir las obligaciones legales<\/li><\/ul>\t\t\t\t\t\t\t\t<\/div>\n\t\t\t\t<\/div>\n\t\t<div class=\"elementor-element elementor-element-6af1c7d e-con-full e-flex e-con e-child\" data-id=\"6af1c7d\" data-element_type=\"container\" data-e-type=\"container\">\n\t\t\t\t<div class=\"elementor-element elementor-element-3c997fa elementor-widget elementor-widget-heading\" data-id=\"3c997fa\" data-element_type=\"widget\" data-e-type=\"widget\" data-widget_type=\"heading.default\">\n\t\t\t\t\t<h2 class=\"elementor-heading-title elementor-size-default\">Intercambio de datos<\/h2>\t\t\t\t<\/div>\n\t\t\t\t<div class=\"elementor-element elementor-element-c273512 elementor-widget elementor-widget-text-editor\" data-id=\"c273512\" data-element_type=\"widget\" data-e-type=\"widget\" data-widget_type=\"text-editor.default\">\n\t\t\t\t\t\t\t\t\t<p>No vendemos su informaci\u00f3n personal. Podemos compartir su informaci\u00f3n con:<\/p><ul><li>Proveedores de servicios (por ejemplo, sistemas de pago, servicios de alojamiento) que nos ayudan a gestionar nuestro sitio web y a prestar servicios.<\/li><li>Autoridades judiciales, si es necesario, para cumplir la ley.<\/li><\/ul>\t\t\t\t\t\t\t\t<\/div>\n\t\t\t\t<\/div>\n\t\t<div class=\"elementor-element elementor-element-c4a70a7 e-con-full e-flex e-con e-child\" data-id=\"c4a70a7\" data-element_type=\"container\" data-e-type=\"container\">\n\t\t\t\t<div class=\"elementor-element elementor-element-7f2262f elementor-widget elementor-widget-heading\" data-id=\"7f2262f\" data-element_type=\"widget\" data-e-type=\"widget\" data-widget_type=\"heading.default\">\n\t\t\t\t\t<h2 class=\"elementor-heading-title elementor-size-default\">Seguridad de los datos<\/h2>\t\t\t\t<\/div>\n\t\t\t\t<div class=\"elementor-element elementor-element-e9bef59 elementor-widget elementor-widget-text-editor\" data-id=\"e9bef59\" data-element_type=\"widget\" data-e-type=\"widget\" data-widget_type=\"text-editor.default\">\n\t\t\t\t\t\t\t\t\t<p>Hemos aplicado medidas de seguridad adecuadas para proteger sus datos personales contra el acceso no autorizado, la alteraci\u00f3n, la divulgaci\u00f3n o la destrucci\u00f3n.<\/p>\t\t\t\t\t\t\t\t<\/div>\n\t\t\t\t<\/div>\n\t\t<div class=\"elementor-element elementor-element-d96358d e-con-full e-flex e-con e-child\" data-id=\"d96358d\" data-element_type=\"container\" data-e-type=\"container\">\n\t\t\t\t<div class=\"elementor-element elementor-element-75ddc2c elementor-widget elementor-widget-heading\" data-id=\"75ddc2c\" data-element_type=\"widget\" data-e-type=\"widget\" data-widget_type=\"heading.default\">\n\t\t\t\t\t<h2 class=\"elementor-heading-title elementor-size-default\">Derechos de los usuarios<\/h2>\t\t\t\t<\/div>\n\t\t\t\t<div class=\"elementor-element elementor-element-bbdb6fc elementor-widget elementor-widget-text-editor\" data-id=\"bbdb6fc\" data-element_type=\"widget\" data-e-type=\"widget\" data-widget_type=\"text-editor.default\">\n\t\t\t\t\t\t\t\t\t<p>El usuario tiene derecho a:<\/p><ul><li>Acceso a su informaci\u00f3n personal<\/li><li>Solicitar la correcci\u00f3n de informaci\u00f3n inexacta<\/li><li>Solicitar la supresi\u00f3n de sus datos personales, con algunas excepciones<\/li><li>Retirar su consentimiento para el uso de los datos, cuando proceda<\/li><\/ul><p>Para ejercer estos derechos, p\u00f3ngase en contacto con nosotros utilizando la informaci\u00f3n que se facilita a continuaci\u00f3n.<\/p>\t\t\t\t\t\t\t\t<\/div>\n\t\t\t\t<\/div>\n\t\t<div class=\"elementor-element elementor-element-d78ac4e e-con-full e-flex e-con e-child\" data-id=\"d78ac4e\" data-element_type=\"container\" data-e-type=\"container\">\n\t\t\t\t<div class=\"elementor-element elementor-element-fc4407c elementor-widget elementor-widget-heading\" data-id=\"fc4407c\" data-element_type=\"widget\" data-e-type=\"widget\" data-widget_type=\"heading.default\">\n\t\t\t\t\t<h2 class=\"elementor-heading-title elementor-size-default\">Cookies<\/h2>\t\t\t\t<\/div>\n\t\t\t\t<div class=\"elementor-element elementor-element-e1de187 elementor-widget elementor-widget-text-editor\" data-id=\"e1de187\" data-element_type=\"widget\" data-e-type=\"widget\" data-widget_type=\"text-editor.default\">\n\t\t\t\t\t\t\t\t\t<p>Utilizamos cookies para mejorar la experiencia del usuario en nuestro sitio web. Puede ajustar la configuraci\u00f3n de su navegador para rechazar las cookies, pero esto puede afectar a su experiencia de navegaci\u00f3n.<\/p>\t\t\t\t\t\t\t\t<\/div>\n\t\t\t\t<\/div>\n\t\t<div class=\"elementor-element elementor-element-6e124ce e-con-full e-flex e-con e-child\" data-id=\"6e124ce\" data-element_type=\"container\" data-e-type=\"container\">\n\t\t\t\t<div class=\"elementor-element elementor-element-8c6f61f elementor-widget elementor-widget-heading\" data-id=\"8c6f61f\" data-element_type=\"widget\" data-e-type=\"widget\" data-widget_type=\"heading.default\">\n\t\t\t\t\t<h2 class=\"elementor-heading-title elementor-size-default\">Cambios en esta pol\u00edtica<\/h2>\t\t\t\t<\/div>\n\t\t\t\t<div class=\"elementor-element elementor-element-a344793 elementor-widget elementor-widget-text-editor\" data-id=\"a344793\" data-element_type=\"widget\" data-e-type=\"widget\" data-widget_type=\"text-editor.default\">\n\t\t\t\t\t\t\t\t\t<p>Podemos actualizar esta Pol\u00edtica de Privacidad de vez en cuando. Le notificaremos los cambios significativos a trav\u00e9s de nuestro sitio web o por correo electr\u00f3nico.<\/p>\t\t\t\t\t\t\t\t<\/div>\n\t\t\t\t<\/div>\n\t\t<div class=\"elementor-element elementor-element-b291613 e-con-full e-flex e-con e-child\" data-id=\"b291613\" data-element_type=\"container\" data-e-type=\"container\">\n\t\t\t\t<div class=\"elementor-element elementor-element-86284d1 elementor-widget elementor-widget-heading\" data-id=\"86284d1\" data-element_type=\"widget\" data-e-type=\"widget\" data-widget_type=\"heading.default\">\n\t\t\t\t\t<h2 class=\"elementor-heading-title elementor-size-default\">\u00bfQu\u00e9 son las cookies?<\/h2>\t\t\t\t<\/div>\n\t\t\t\t<div class=\"elementor-element elementor-element-db9a7fe elementor-widget elementor-widget-text-editor\" data-id=\"db9a7fe\" data-element_type=\"widget\" data-e-type=\"widget\" data-widget_type=\"text-editor.default\">\n\t\t\t\t\t\t\t\t\t<p>Las cookies son peque\u00f1os archivos de texto que se almacenan en su dispositivo (ordenador, tableta, tel\u00e9fono inteligente) cuando visita un sitio web. Ayudan al sitio web a reconocer su dispositivo y mejorar su experiencia de navegaci\u00f3n.<\/p>\t\t\t\t\t\t\t\t<\/div>\n\t\t\t\t<\/div>\n\t\t<div class=\"elementor-element elementor-element-c44217d e-con-full e-flex e-con e-child\" data-id=\"c44217d\" data-element_type=\"container\" data-e-type=\"container\">\n\t\t\t\t<div class=\"elementor-element elementor-element-9d6a91a elementor-widget elementor-widget-heading\" data-id=\"9d6a91a\" data-element_type=\"widget\" data-e-type=\"widget\" data-widget_type=\"heading.default\">\n\t\t\t\t\t<h2 class=\"elementor-heading-title elementor-size-default\">Tipos de cookies utilizadas<\/h2>\t\t\t\t<\/div>\n\t\t\t\t<div class=\"elementor-element elementor-element-21990b8 elementor-widget elementor-widget-text-editor\" data-id=\"21990b8\" data-element_type=\"widget\" data-e-type=\"widget\" data-widget_type=\"text-editor.default\">\n\t\t\t\t\t\t\t\t\t<p>Utilizamos los siguientes tipos de cookies:<\/p><ul><li><strong>Cookies necesarias:<\/strong>\u00a0Esencial para el funcionamiento del sitio web, permiti\u00e9ndole navegar y utilizar sus funcionalidades.<\/li><li><strong>Cookies de rendimiento:<\/strong>\u00a0Recopilan informaci\u00f3n sobre c\u00f3mo los visitantes utilizan el sitio web, lo que nos ayuda a comprender qu\u00e9 partes son m\u00e1s populares y a mejorar nuestro contenido.<\/li><li><strong>Cookies funcionales:<\/strong>\u00a0Permiten al sitio web recordar las preferencias del usuario y personalizar su experiencia.<\/li><li><strong>Cookies publicitarias:<\/strong>\u00a0Se utiliza para mostrar anuncios relevantes en funci\u00f3n de los intereses del usuario y medir la eficacia de las campa\u00f1as publicitarias.<\/li><\/ul>\t\t\t\t\t\t\t\t<\/div>\n\t\t\t\t<\/div>\n\t\t<div class=\"elementor-element elementor-element-8b25eff e-con-full e-flex e-con e-child\" data-id=\"8b25eff\" data-element_type=\"container\" data-e-type=\"container\">\n\t\t\t\t<div class=\"elementor-element elementor-element-bf499b1 elementor-widget elementor-widget-heading\" data-id=\"bf499b1\" data-element_type=\"widget\" data-e-type=\"widget\" data-widget_type=\"heading.default\">\n\t\t\t\t\t<h2 class=\"elementor-heading-title elementor-size-default\">Cookies de terceros<\/h2>\t\t\t\t<\/div>\n\t\t\t\t<div class=\"elementor-element elementor-element-c8b5e0a elementor-widget elementor-widget-text-editor\" data-id=\"c8b5e0a\" data-element_type=\"widget\" data-e-type=\"widget\" data-widget_type=\"text-editor.default\">\n\t\t\t\t\t\t\t\t\t<p>Adem\u00e1s de las cookies que utilizamos, terceros (como servicios de an\u00e1lisis y publicidad) tambi\u00e9n pueden colocar cookies en su dispositivo. Nosotros no controlamos estas cookies, por lo que debe consultar las pol\u00edticas de privacidad de los terceros para obtener m\u00e1s informaci\u00f3n.<\/p>\t\t\t\t\t\t\t\t<\/div>\n\t\t\t\t<\/div>\n\t\t<div class=\"elementor-element elementor-element-48d6ec6 e-con-full e-flex e-con e-child\" data-id=\"48d6ec6\" data-element_type=\"container\" data-e-type=\"container\">\n\t\t\t\t<div class=\"elementor-element elementor-element-9616561 elementor-widget elementor-widget-heading\" data-id=\"9616561\" data-element_type=\"widget\" data-e-type=\"widget\" data-widget_type=\"heading.default\">\n\t\t\t\t\t<h2 class=\"elementor-heading-title elementor-size-default\">Gesti\u00f3n de cookies<\/h2>\t\t\t\t<\/div>\n\t\t\t\t<div class=\"elementor-element elementor-element-4909f3f elementor-widget elementor-widget-text-editor\" data-id=\"4909f3f\" data-element_type=\"widget\" data-e-type=\"widget\" data-widget_type=\"text-editor.default\">\n\t\t\t\t\t\t\t\t\t<p>Puede controlar y gestionar las cookies de varias maneras:<\/p><ul><li><strong>Configuraci\u00f3n del navegador:<\/strong>\u00a0La mayor\u00eda de los navegadores permiten rechazar las cookies o eliminar las que ya se han almacenado. Consulte el men\u00fa de ayuda de su navegador para obtener m\u00e1s informaci\u00f3n.<\/li><li><strong>Opci\u00f3n de eliminar las cookies:<\/strong>\u00a0Puede rechazar las cookies publicitarias utilizando las herramientas de exclusi\u00f3n disponibles en los sitios web publicitarios.<\/li><\/ul>\t\t\t\t\t\t\t\t<\/div>\n\t\t\t\t<\/div>\n\t\t<div class=\"elementor-element elementor-element-5d5cc79 e-con-full e-flex e-con e-child\" data-id=\"5d5cc79\" data-element_type=\"container\" data-e-type=\"container\">\n\t\t\t\t<div class=\"elementor-element elementor-element-f55682c elementor-widget elementor-widget-heading\" data-id=\"f55682c\" data-element_type=\"widget\" data-e-type=\"widget\" data-widget_type=\"heading.default\">\n\t\t\t\t\t<h2 class=\"elementor-heading-title elementor-size-default\">Cambios en esta pol\u00edtica de cookies<\/h2>\t\t\t\t<\/div>\n\t\t\t\t<div class=\"elementor-element elementor-element-e833d16 elementor-widget elementor-widget-text-editor\" data-id=\"e833d16\" data-element_type=\"widget\" data-e-type=\"widget\" data-widget_type=\"text-editor.default\">\n\t\t\t\t\t\t\t\t\t<p>Podemos actualizar esta Pol\u00edtica de Cookies de vez en cuando. Le notificaremos cualquier cambio publicando la nueva pol\u00edtica en nuestro sitio web. Le recomendamos que revise esta pol\u00edtica peri\u00f3dicamente para mantenerse informado sobre c\u00f3mo utilizamos las cookies.<\/p>\t\t\t\t\t\t\t\t<\/div>\n\t\t\t\t<\/div>\n\t\t<div class=\"elementor-element elementor-element-a430ff5 e-con-full e-flex e-con e-child\" data-id=\"a430ff5\" data-element_type=\"container\" data-e-type=\"container\">\n\t\t\t\t<div class=\"elementor-element elementor-element-e037502 elementor-widget elementor-widget-heading\" data-id=\"e037502\" data-element_type=\"widget\" data-e-type=\"widget\" data-widget_type=\"heading.default\">\n\t\t\t\t\t<h2 class=\"elementor-heading-title elementor-size-default\">P\u00f3ngase en contacto con<\/h2>\t\t\t\t<\/div>\n\t\t\t\t<div class=\"elementor-element elementor-element-26b5b7a elementor-widget elementor-widget-text-editor\" data-id=\"26b5b7a\" data-element_type=\"widget\" data-e-type=\"widget\" data-widget_type=\"text-editor.default\">\n\t\t\t\t\t\t\t\t\t<p>Si tiene alguna pregunta sobre esta Pol\u00edtica de Cookies, p\u00f3ngase en contacto con nosotros:<\/p><ul><li><strong>Correo electr\u00f3nico: <\/strong>portobbelho@gmail.com<\/li><li><strong>Tel\u00e9fono:<\/strong> +351938650805 \/ +351964461767<\/li><li><strong>Direcci\u00f3n:<\/strong> Rua de Belomonte 25, Oporto<\/li><\/ul>\t\t\t\t\t\t\t\t<\/div>\n\t\t\t\t<\/div>\n\t\t\t\t<\/div>\n\t\t\t\t<\/div>","protected":false},"excerpt":{"rendered":"<p>Informa\u00e7\u00f5es que recolhemos Recolhemos informa\u00e7\u00f5es pessoais que o utilizador nos fornece diretamente, tais como: Nome Endere\u00e7o de correio eletr\u00f3nico Informa\u00e7\u00f5es de pagamento (processadas atrav\u00e9s de servi\u00e7os de terceiros, como Stripe e PayPal) Detalhes da reserva (datas, tipo de unidade, etc.) Al\u00e9m disso, podemos recolher automaticamente dados como informa\u00e7\u00f5es de navega\u00e7\u00e3o (endere\u00e7o IP, tipo de dispositivo, [&hellip;]<\/p>\n","protected":false},"author":3,"featured_media":0,"parent":0,"menu_order":0,"comment_status":"closed","ping_status":"closed","template":"","meta":{"iawp_total_views":0,"footnotes":""},"class_list":["post-4346","page","type-page","status-publish","hentry"],"_links":{"self":[{"href":"https:\/\/downtownportoedition.com\/es\/wp-json\/wp\/v2\/pages\/4346","targetHints":{"allow":["GET"]}}],"collection":[{"href":"https:\/\/downtownportoedition.com\/es\/wp-json\/wp\/v2\/pages"}],"about":[{"href":"https:\/\/downtownportoedition.com\/es\/wp-json\/wp\/v2\/types\/page"}],"author":[{"embeddable":true,"href":"https:\/\/downtownportoedition.com\/es\/wp-json\/wp\/v2\/users\/3"}],"replies":[{"embeddable":true,"href":"https:\/\/downtownportoedition.com\/es\/wp-json\/wp\/v2\/comments?post=4346"}],"version-history":[{"count":4,"href":"https:\/\/downtownportoedition.com\/es\/wp-json\/wp\/v2\/pages\/4346\/revisions"}],"predecessor-version":[{"id":4350,"href":"https:\/\/downtownportoedition.com\/es\/wp-json\/wp\/v2\/pages\/4346\/revisions\/4350"}],"wp:attachment":[{"href":"https:\/\/downtownportoedition.com\/es\/wp-json\/wp\/v2\/media?parent=4346"}],"curies":[{"name":"wp","href":"https:\/\/api.w.org\/{rel}","templated":true}]}}