{"id":4341,"date":"2026-04-23T12:34:16","date_gmt":"2026-04-23T11:34:16","guid":{"rendered":"https:\/\/downtownportoedition.com\/?page_id=4341"},"modified":"2026-04-23T12:51:17","modified_gmt":"2026-04-23T11:51:17","slug":"terms-and-conditions","status":"publish","type":"page","link":"https:\/\/downtownportoedition.com\/en_GB\/termos-condicoes\/","title":{"rendered":"Terms &amp; Conditions"},"content":{"rendered":"<div data-elementor-type=\"wp-page\" data-elementor-id=\"4341\" class=\"elementor elementor-4341\" data-elementor-post-type=\"page\">\n\t\t\t\t<div class=\"elementor-element elementor-element-acbe697 e-flex e-con-boxed e-con e-parent\" data-id=\"acbe697\" data-element_type=\"container\" data-e-type=\"container\" data-settings=\"{&quot;background_background&quot;:&quot;classic&quot;}\">\n\t\t\t\t\t<div class=\"e-con-inner\">\n\t\t<div class=\"elementor-element elementor-element-4dacc9b e-con-full e-flex e-con e-child\" data-id=\"4dacc9b\" data-element_type=\"container\" data-e-type=\"container\">\n\t\t\t\t<\/div>\n\t\t\t\t\t<\/div>\n\t\t\t\t<\/div>\n\t\t<div class=\"elementor-element elementor-element-450d631 e-con-full e-flex e-con e-parent\" data-id=\"450d631\" data-element_type=\"container\" data-e-type=\"container\">\n\t\t<div class=\"elementor-element elementor-element-b5739b7 e-con-full e-flex e-con e-child\" data-id=\"b5739b7\" data-element_type=\"container\" data-e-type=\"container\">\n\t\t\t\t<div class=\"elementor-element elementor-element-36f90c8 elementor-widget elementor-widget-heading\" data-id=\"36f90c8\" data-element_type=\"widget\" data-e-type=\"widget\" data-widget_type=\"heading.default\">\n\t\t\t\t\t<h2 class=\"elementor-heading-title elementor-size-default\">Booking Terms<\/h2>\t\t\t\t<\/div>\n\t\t\t\t<div class=\"elementor-element elementor-element-be78e59 elementor-widget elementor-widget-text-editor\" data-id=\"be78e59\" data-element_type=\"widget\" data-e-type=\"widget\" data-widget_type=\"text-editor.default\">\n\t\t\t\t\t\t\t\t\t<p>By making a booking with us, you (the lead guest) and your booking group (guests) agree to the following terms and conditions, as set out. During your stay, you agree to abide by the subsequent conditions as set out. If you have any questions about booking with us, please contact us before making a reservation.<\/p>\t\t\t\t\t\t\t\t<\/div>\n\t\t\t\t<\/div>\n\t\t<div class=\"elementor-element elementor-element-7292ef5 e-con-full e-flex e-con e-child\" data-id=\"7292ef5\" data-element_type=\"container\" data-e-type=\"container\">\n\t\t\t\t<div class=\"elementor-element elementor-element-3d43373 elementor-widget elementor-widget-heading\" data-id=\"3d43373\" data-element_type=\"widget\" data-e-type=\"widget\" data-widget_type=\"heading.default\">\n\t\t\t\t\t<h2 class=\"elementor-heading-title elementor-size-default\">Booking process<\/h2>\t\t\t\t<\/div>\n\t\t\t\t<div class=\"elementor-element elementor-element-da31bad elementor-widget elementor-widget-text-editor\" data-id=\"da31bad\" data-element_type=\"widget\" data-e-type=\"widget\" data-widget_type=\"text-editor.default\">\n\t\t\t\t\t\t\t\t\t<p>To make a booking with us, the main guest must be at least 18 years old. The maximum number of guests per room is illustrated in the room occupancy details on the website. When the person making the reservation is different from the main guest who assumes occupancy, the person making the reservation may be held liable for cancellation, non-arrival and damage as set out within. Only the main guest and the named booking party are authorised to use the property and its facilities, any third party visitors only have access with our express permission.<\/p><p>Payments can be made online using a debit\/credit card. Any charges raised against us by our banks for handling dishonoured cheques, bank transfers or any other payments, must be refunded by the lead guest within seven (7) days of any request to do so.<\/p><p>All guests agree to respect the privacy and peace of all other guests, neighbours and owners at all times. We reserve the right to cancel a booking with immediate effect if guests are not honouring this agreement or causing disturbance \/ inconvenience to other guests, neighbours or the owners.<\/p>\t\t\t\t\t\t\t\t<\/div>\n\t\t\t\t<\/div>\n\t\t<div class=\"elementor-element elementor-element-5f63fa7 e-con-full e-flex e-con e-child\" data-id=\"5f63fa7\" data-element_type=\"container\" data-e-type=\"container\">\n\t\t\t\t<div class=\"elementor-element elementor-element-0abfa0f elementor-widget elementor-widget-heading\" data-id=\"0abfa0f\" data-element_type=\"widget\" data-e-type=\"widget\" data-widget_type=\"heading.default\">\n\t\t\t\t\t<h2 class=\"elementor-heading-title elementor-size-default\">Check-in and Check-out<\/h2>\t\t\t\t<\/div>\n\t\t\t\t<div class=\"elementor-element elementor-element-7e5dca3 elementor-widget elementor-widget-text-editor\" data-id=\"7e5dca3\" data-element_type=\"widget\" data-e-type=\"widget\" data-widget_type=\"text-editor.default\">\n\t\t\t\t\t\t\t\t\t<p>Guests must check in and check out by the times indicated below.<\/p><p><strong>Check-in: <\/strong>After <span class=\"elementor-icon-list-text\">at 16.00<\/span><br \/><strong>Check-out:<\/strong> Until 11am<\/p>\t\t\t\t\t\t\t\t<\/div>\n\t\t\t\t<\/div>\n\t\t<div class=\"elementor-element elementor-element-1d2ceeb e-con-full e-flex e-con e-child\" data-id=\"1d2ceeb\" data-element_type=\"container\" data-e-type=\"container\">\n\t\t\t\t<div class=\"elementor-element elementor-element-b06815e elementor-widget elementor-widget-heading\" data-id=\"b06815e\" data-element_type=\"widget\" data-e-type=\"widget\" data-widget_type=\"heading.default\">\n\t\t\t\t\t<h2 class=\"elementor-heading-title elementor-size-default\">Cancellation and Non-Arrival Conditions<\/h2>\t\t\t\t<\/div>\n\t\t\t\t<div class=\"elementor-element elementor-element-25a2ef2 elementor-widget elementor-widget-text-editor\" data-id=\"25a2ef2\" data-element_type=\"widget\" data-e-type=\"widget\" data-widget_type=\"text-editor.default\">\n\t\t\t\t\t\t\t\t\t<p>Guests who need to cancel a reservation should contact us as soon as possible. Deposits already paid will only be refunded under the following conditions;<\/p><p>Cancellation made <strong>15 days or more before date of arrival<\/strong> = Full refund of deposit<br \/>Cancellation made<strong> 5 days or less from date of arrival<\/strong> = No refund issued, total amount of booking due<\/p><p>It is suggested that booking guests take out the appropriate holiday\/annulment insurance where necessary.<\/p><p>In the rare event that we need to cancel your booking with us, please be aware that we cannot be held responsible for circumstances beyond our control and that our liability to you is limited to refunding any payment already made.<\/p>\t\t\t\t\t\t\t\t<\/div>\n\t\t\t\t<\/div>\n\t\t<div class=\"elementor-element elementor-element-e799dd0 e-con-full e-flex e-con e-child\" data-id=\"e799dd0\" data-element_type=\"container\" data-e-type=\"container\">\n\t\t\t\t<div class=\"elementor-element elementor-element-fe8220c elementor-widget elementor-widget-heading\" data-id=\"fe8220c\" data-element_type=\"widget\" data-e-type=\"widget\" data-widget_type=\"heading.default\">\n\t\t\t\t\t<h2 class=\"elementor-heading-title elementor-size-default\">WiFi Usage Policy<\/h2>\t\t\t\t<\/div>\n\t\t\t\t<div class=\"elementor-element elementor-element-618a698 elementor-widget elementor-widget-text-editor\" data-id=\"618a698\" data-element_type=\"widget\" data-e-type=\"widget\" data-widget_type=\"text-editor.default\">\n\t\t\t\t\t\t\t\t\t<p>When WiFi Internet access is provided, guests agree to use this Internet access fairly and appropriately. We may monitor network performance and user usage in order to maintain a fair and high level of service to all our guests<\/p>\t\t\t\t\t\t\t\t<\/div>\n\t\t\t\t<\/div>\n\t\t<div class=\"elementor-element elementor-element-c60037c e-con-full e-flex e-con e-child\" data-id=\"c60037c\" data-element_type=\"container\" data-e-type=\"container\">\n\t\t\t\t<div class=\"elementor-element elementor-element-b2a6cc9 elementor-widget elementor-widget-heading\" data-id=\"b2a6cc9\" data-element_type=\"widget\" data-e-type=\"widget\" data-widget_type=\"heading.default\">\n\t\t\t\t\t<h2 class=\"elementor-heading-title elementor-size-default\">Damage and Loss of Property<\/h2>\t\t\t\t<\/div>\n\t\t\t\t<div class=\"elementor-element elementor-element-0b96db4 elementor-widget elementor-widget-text-editor\" data-id=\"0b96db4\" data-element_type=\"widget\" data-e-type=\"widget\" data-widget_type=\"text-editor.default\">\n\t\t\t\t\t\t\t\t\t<p>We reserve the right to charge the lead guest for any damage caused in the course of a booking by any member of the booking party. This includes breakages, spillages, stains, damage to furniture or fittings. Any accidental damage should be reported as soon as possible in order to minimise damage and associated costs. Lost keys \/ access cards will incur a replacement fee per lost key \/ card.<\/p><p>Any lost property, if discovered and found, left by guests during a stay will be retained for a period of 1 month. Whilst we will use our best endeavours to reunite lost property with its owners, we do not accept any responsibility for replacing lost property and encourage guests to ensure they have all their belongings before checking out. We can offer to send lost items by recorded delivery at the property owner's cost, otherwise collection can be organised.<\/p>\t\t\t\t\t\t\t\t<\/div>\n\t\t\t\t<\/div>\n\t\t<div class=\"elementor-element elementor-element-a47f934 e-con-full e-flex e-con e-child\" data-id=\"a47f934\" data-element_type=\"container\" data-e-type=\"container\">\n\t\t\t\t<div class=\"elementor-element elementor-element-356526d elementor-widget elementor-widget-heading\" data-id=\"356526d\" data-element_type=\"widget\" data-e-type=\"widget\" data-widget_type=\"heading.default\">\n\t\t\t\t\t<h2 class=\"elementor-heading-title elementor-size-default\">Smokers<\/h2>\t\t\t\t<\/div>\n\t\t\t\t<div class=\"elementor-element elementor-element-9208a60 elementor-widget elementor-widget-text-editor\" data-id=\"9208a60\" data-element_type=\"widget\" data-e-type=\"widget\" data-widget_type=\"text-editor.default\">\n\t\t\t\t\t\t\t\t\t<p>Any tobacco products, including but not limited to cigarettes, pipes, electronic cigarettes, e-liquids, cigars, chewing tobacco, are only allowed in designated outdoor areas throughout the accommodation.<\/p>\t\t\t\t\t\t\t\t<\/div>\n\t\t\t\t<\/div>\n\t\t<div class=\"elementor-element elementor-element-2f2a1ea e-con-full e-flex e-con e-child\" data-id=\"2f2a1ea\" data-element_type=\"container\" data-e-type=\"container\">\n\t\t\t\t<div class=\"elementor-element elementor-element-547c745 elementor-widget elementor-widget-heading\" data-id=\"547c745\" data-element_type=\"widget\" data-e-type=\"widget\" data-widget_type=\"heading.default\">\n\t\t\t\t\t<h2 class=\"elementor-heading-title elementor-size-default\">Our right to cancellation<\/h2>\t\t\t\t<\/div>\n\t\t\t\t<div class=\"elementor-element elementor-element-597683e elementor-widget elementor-widget-text-editor\" data-id=\"597683e\" data-element_type=\"widget\" data-e-type=\"widget\" data-widget_type=\"text-editor.default\">\n\t\t\t\t\t\t\t\t\t<p>We reserve the right to cancel any booking without compensation, refund or reimbursement if the terms of these conditions are breached.<\/p>\t\t\t\t\t\t\t\t<\/div>\n\t\t\t\t<\/div>\n\t\t\t\t<\/div>\n\t\t\t\t<\/div>","protected":false},"excerpt":{"rendered":"<p>Termos de Reservas Ao fazer uma reserva connosco, voc\u00ea (o convidado principal) e o seu grupo de reserva (convidados) concordam com os seguintes termos e condi\u00e7\u00f5es, conforme estabelecido. Durante a sua estadia, concorda em respeitar as condi\u00e7\u00f5es subsequentes, conforme estabelecido. Se tiver quaisquer perguntas sobre reservas connosco, queira contactar-nos antes de fazer uma reserva. Processo [&hellip;]<\/p>\n","protected":false},"author":3,"featured_media":0,"parent":0,"menu_order":0,"comment_status":"closed","ping_status":"closed","template":"","meta":{"iawp_total_views":0,"footnotes":""},"class_list":["post-4341","page","type-page","status-publish","hentry"],"_links":{"self":[{"href":"https:\/\/downtownportoedition.com\/en_GB\/wp-json\/wp\/v2\/pages\/4341","targetHints":{"allow":["GET"]}}],"collection":[{"href":"https:\/\/downtownportoedition.com\/en_GB\/wp-json\/wp\/v2\/pages"}],"about":[{"href":"https:\/\/downtownportoedition.com\/en_GB\/wp-json\/wp\/v2\/types\/page"}],"author":[{"embeddable":true,"href":"https:\/\/downtownportoedition.com\/en_GB\/wp-json\/wp\/v2\/users\/3"}],"replies":[{"embeddable":true,"href":"https:\/\/downtownportoedition.com\/en_GB\/wp-json\/wp\/v2\/comments?post=4341"}],"version-history":[{"count":7,"href":"https:\/\/downtownportoedition.com\/en_GB\/wp-json\/wp\/v2\/pages\/4341\/revisions"}],"predecessor-version":[{"id":4353,"href":"https:\/\/downtownportoedition.com\/en_GB\/wp-json\/wp\/v2\/pages\/4341\/revisions\/4353"}],"wp:attachment":[{"href":"https:\/\/downtownportoedition.com\/en_GB\/wp-json\/wp\/v2\/media?parent=4341"}],"curies":[{"name":"wp","href":"https:\/\/api.w.org\/{rel}","templated":true}]}}