{"id":4346,"date":"2026-04-23T12:44:15","date_gmt":"2026-04-23T11:44:15","guid":{"rendered":"https:\/\/downtownportoedition.com\/?page_id=4346"},"modified":"2026-04-23T12:47:13","modified_gmt":"2026-04-23T11:47:13","slug":"datenschutzbestimmungen","status":"publish","type":"page","link":"https:\/\/downtownportoedition.com\/de\/politica-de-privacidade\/","title":{"rendered":"Datenschutzbestimmungen"},"content":{"rendered":"<div data-elementor-type=\"wp-page\" data-elementor-id=\"4346\" class=\"elementor elementor-4346\" data-elementor-post-type=\"page\">\n\t\t\t\t<div class=\"elementor-element elementor-element-acbe697 e-flex e-con-boxed e-con e-parent\" data-id=\"acbe697\" data-element_type=\"container\" data-e-type=\"container\" data-settings=\"{&quot;background_background&quot;:&quot;classic&quot;}\">\n\t\t\t\t\t<div class=\"e-con-inner\">\n\t\t<div class=\"elementor-element elementor-element-4dacc9b e-con-full e-flex e-con e-child\" data-id=\"4dacc9b\" data-element_type=\"container\" data-e-type=\"container\">\n\t\t\t\t<\/div>\n\t\t\t\t\t<\/div>\n\t\t\t\t<\/div>\n\t\t<div class=\"elementor-element elementor-element-ef48864 e-con-full e-flex e-con e-parent\" data-id=\"ef48864\" data-element_type=\"container\" data-e-type=\"container\">\n\t\t<div class=\"elementor-element elementor-element-eef55ff e-con-full e-flex e-con e-child\" data-id=\"eef55ff\" data-element_type=\"container\" data-e-type=\"container\">\n\t\t\t\t<div class=\"elementor-element elementor-element-64515ce elementor-widget elementor-widget-heading\" data-id=\"64515ce\" data-element_type=\"widget\" data-e-type=\"widget\" data-widget_type=\"heading.default\">\n\t\t\t\t\t<h2 class=\"elementor-heading-title elementor-size-default\">Informationen, die wir sammeln<\/h2>\t\t\t\t<\/div>\n\t\t\t\t<div class=\"elementor-element elementor-element-28a77c6 elementor-widget elementor-widget-text-editor\" data-id=\"28a77c6\" data-element_type=\"widget\" data-e-type=\"widget\" data-widget_type=\"text-editor.default\">\n\t\t\t\t\t\t\t\t\t<p>Wir sammeln personenbezogene Daten, die Sie uns direkt zur Verf\u00fcgung stellen, wie z. B.:<\/p><ul><li>Name<\/li><li>E-Mail Adresse<\/li><li>Zahlungsinformationen (verarbeitet \u00fcber Drittanbieterdienste wie Stripe und PayPal)<\/li><li>Buchungsdetails (Daten, Art der Einheit, etc.)<\/li><\/ul><p>Dar\u00fcber hinaus k\u00f6nnen wir automatisch Daten wie Browsing-Informationen (IP-Adresse, Ger\u00e4tetyp, Betriebssystem usw.) durch Cookies und \u00e4hnliche Technologien erfassen.<\/p>\t\t\t\t\t\t\t\t<\/div>\n\t\t\t\t<\/div>\n\t\t<div class=\"elementor-element elementor-element-c0c1abf e-con-full e-flex e-con e-child\" data-id=\"c0c1abf\" data-element_type=\"container\" data-e-type=\"container\">\n\t\t\t\t<div class=\"elementor-element elementor-element-a52986d elementor-widget elementor-widget-heading\" data-id=\"a52986d\" data-element_type=\"widget\" data-e-type=\"widget\" data-widget_type=\"heading.default\">\n\t\t\t\t\t<h2 class=\"elementor-heading-title elementor-size-default\">Wie wir Ihre Informationen verwenden<\/h2>\t\t\t\t<\/div>\n\t\t\t\t<div class=\"elementor-element elementor-element-0259223 elementor-widget elementor-widget-text-editor\" data-id=\"0259223\" data-element_type=\"widget\" data-e-type=\"widget\" data-widget_type=\"text-editor.default\">\n\t\t\t\t\t\t\t\t\t<p>Wir verwenden Ihre Informationen, um:<\/p><ul><li>Bearbeitung und Best\u00e4tigung von Buchungen<\/li><li>Verwalten Sie Ihren Aufenthalt<\/li><li>Verbesserung unserer Dienstleistungen und des Kundenerlebnisses<\/li><li>Versenden von Mitteilungen \u00fcber Buchungen, Werbeaktionen und Aktualisierungen<\/li><li>Einhaltung der rechtlichen Verpflichtungen<\/li><\/ul>\t\t\t\t\t\t\t\t<\/div>\n\t\t\t\t<\/div>\n\t\t<div class=\"elementor-element elementor-element-6af1c7d e-con-full e-flex e-con e-child\" data-id=\"6af1c7d\" data-element_type=\"container\" data-e-type=\"container\">\n\t\t\t\t<div class=\"elementor-element elementor-element-3c997fa elementor-widget elementor-widget-heading\" data-id=\"3c997fa\" data-element_type=\"widget\" data-e-type=\"widget\" data-widget_type=\"heading.default\">\n\t\t\t\t\t<h2 class=\"elementor-heading-title elementor-size-default\">Gemeinsame Nutzung von Daten<\/h2>\t\t\t\t<\/div>\n\t\t\t\t<div class=\"elementor-element elementor-element-c273512 elementor-widget elementor-widget-text-editor\" data-id=\"c273512\" data-element_type=\"widget\" data-e-type=\"widget\" data-widget_type=\"text-editor.default\">\n\t\t\t\t\t\t\t\t\t<p>Wir verkaufen Ihre pers\u00f6nlichen Daten nicht. Wir k\u00f6nnen Ihre Informationen weitergeben an:<\/p><ul><li>Dienstleister (z. B. Zahlungssysteme, Hosting-Dienste), die uns beim Betrieb unserer Website und bei der Bereitstellung von Dienstleistungen helfen.<\/li><li>Gesetzliche Beh\u00f6rden, falls erforderlich, um die gesetzlichen Bestimmungen einzuhalten.<\/li><\/ul>\t\t\t\t\t\t\t\t<\/div>\n\t\t\t\t<\/div>\n\t\t<div class=\"elementor-element elementor-element-c4a70a7 e-con-full e-flex e-con e-child\" data-id=\"c4a70a7\" data-element_type=\"container\" data-e-type=\"container\">\n\t\t\t\t<div class=\"elementor-element elementor-element-7f2262f elementor-widget elementor-widget-heading\" data-id=\"7f2262f\" data-element_type=\"widget\" data-e-type=\"widget\" data-widget_type=\"heading.default\">\n\t\t\t\t\t<h2 class=\"elementor-heading-title elementor-size-default\">Sicherheit der Daten<\/h2>\t\t\t\t<\/div>\n\t\t\t\t<div class=\"elementor-element elementor-element-e9bef59 elementor-widget elementor-widget-text-editor\" data-id=\"e9bef59\" data-element_type=\"widget\" data-e-type=\"widget\" data-widget_type=\"text-editor.default\">\n\t\t\t\t\t\t\t\t\t<p>Wir haben angemessene Sicherheitsma\u00dfnahmen ergriffen, um Ihre pers\u00f6nlichen Daten vor unbefugtem Zugriff, Ver\u00e4nderung, Offenlegung oder Zerst\u00f6rung zu sch\u00fctzen.<\/p>\t\t\t\t\t\t\t\t<\/div>\n\t\t\t\t<\/div>\n\t\t<div class=\"elementor-element elementor-element-d96358d e-con-full e-flex e-con e-child\" data-id=\"d96358d\" data-element_type=\"container\" data-e-type=\"container\">\n\t\t\t\t<div class=\"elementor-element elementor-element-75ddc2c elementor-widget elementor-widget-heading\" data-id=\"75ddc2c\" data-element_type=\"widget\" data-e-type=\"widget\" data-widget_type=\"heading.default\">\n\t\t\t\t\t<h2 class=\"elementor-heading-title elementor-size-default\">Benutzerrechte<\/h2>\t\t\t\t<\/div>\n\t\t\t\t<div class=\"elementor-element elementor-element-bbdb6fc elementor-widget elementor-widget-text-editor\" data-id=\"bbdb6fc\" data-element_type=\"widget\" data-e-type=\"widget\" data-widget_type=\"text-editor.default\">\n\t\t\t\t\t\t\t\t\t<p>Der Nutzer hat das Recht dazu:<\/p><ul><li>Zugang zu Ihren pers\u00f6nlichen Informationen<\/li><li>Beantragung der Berichtigung unrichtiger Informationen<\/li><li>die L\u00f6schung Ihrer pers\u00f6nlichen Daten zu verlangen, vorbehaltlich bestimmter Ausnahmen<\/li><li>gegebenenfalls Ihre Zustimmung zur Verwendung der Daten zu widerrufen<\/li><\/ul><p>Um diese Rechte auszu\u00fcben, wenden Sie sich bitte an uns unter Verwendung der unten angegebenen Informationen.<\/p>\t\t\t\t\t\t\t\t<\/div>\n\t\t\t\t<\/div>\n\t\t<div class=\"elementor-element elementor-element-d78ac4e e-con-full e-flex e-con e-child\" data-id=\"d78ac4e\" data-element_type=\"container\" data-e-type=\"container\">\n\t\t\t\t<div class=\"elementor-element elementor-element-fc4407c elementor-widget elementor-widget-heading\" data-id=\"fc4407c\" data-element_type=\"widget\" data-e-type=\"widget\" data-widget_type=\"heading.default\">\n\t\t\t\t\t<h2 class=\"elementor-heading-title elementor-size-default\">Cookies<\/h2>\t\t\t\t<\/div>\n\t\t\t\t<div class=\"elementor-element elementor-element-e1de187 elementor-widget elementor-widget-text-editor\" data-id=\"e1de187\" data-element_type=\"widget\" data-e-type=\"widget\" data-widget_type=\"text-editor.default\">\n\t\t\t\t\t\t\t\t\t<p>Wir verwenden Cookies, um die Nutzererfahrung auf unserer Website zu verbessern. Sie k\u00f6nnen Ihren Browser so einstellen, dass Cookies abgelehnt werden, aber das kann Ihr Surferlebnis beeintr\u00e4chtigen.<\/p>\t\t\t\t\t\t\t\t<\/div>\n\t\t\t\t<\/div>\n\t\t<div class=\"elementor-element elementor-element-6e124ce e-con-full e-flex e-con e-child\" data-id=\"6e124ce\" data-element_type=\"container\" data-e-type=\"container\">\n\t\t\t\t<div class=\"elementor-element elementor-element-8c6f61f elementor-widget elementor-widget-heading\" data-id=\"8c6f61f\" data-element_type=\"widget\" data-e-type=\"widget\" data-widget_type=\"heading.default\">\n\t\t\t\t\t<h2 class=\"elementor-heading-title elementor-size-default\">\u00c4nderungen an dieser Politik<\/h2>\t\t\t\t<\/div>\n\t\t\t\t<div class=\"elementor-element elementor-element-a344793 elementor-widget elementor-widget-text-editor\" data-id=\"a344793\" data-element_type=\"widget\" data-e-type=\"widget\" data-widget_type=\"text-editor.default\">\n\t\t\t\t\t\t\t\t\t<p>Wir k\u00f6nnen diese Datenschutzrichtlinie von Zeit zu Zeit aktualisieren. Wir werden Sie \u00fcber wesentliche \u00c4nderungen \u00fcber unsere Website oder per E-Mail informieren.<\/p>\t\t\t\t\t\t\t\t<\/div>\n\t\t\t\t<\/div>\n\t\t<div class=\"elementor-element elementor-element-b291613 e-con-full e-flex e-con e-child\" data-id=\"b291613\" data-element_type=\"container\" data-e-type=\"container\">\n\t\t\t\t<div class=\"elementor-element elementor-element-86284d1 elementor-widget elementor-widget-heading\" data-id=\"86284d1\" data-element_type=\"widget\" data-e-type=\"widget\" data-widget_type=\"heading.default\">\n\t\t\t\t\t<h2 class=\"elementor-heading-title elementor-size-default\">Was sind Cookies?<\/h2>\t\t\t\t<\/div>\n\t\t\t\t<div class=\"elementor-element elementor-element-db9a7fe elementor-widget elementor-widget-text-editor\" data-id=\"db9a7fe\" data-element_type=\"widget\" data-e-type=\"widget\" data-widget_type=\"text-editor.default\">\n\t\t\t\t\t\t\t\t\t<p>Cookies sind kleine Textdateien, die auf Ihrem Ger\u00e4t (Computer, Tablet, Smartphone) gespeichert werden, wenn Sie eine Website besuchen. Sie helfen der Website, Ihr Ger\u00e4t zu erkennen und Ihr Surferlebnis zu verbessern<\/p>\t\t\t\t\t\t\t\t<\/div>\n\t\t\t\t<\/div>\n\t\t<div class=\"elementor-element elementor-element-c44217d e-con-full e-flex e-con e-child\" data-id=\"c44217d\" data-element_type=\"container\" data-e-type=\"container\">\n\t\t\t\t<div class=\"elementor-element elementor-element-9d6a91a elementor-widget elementor-widget-heading\" data-id=\"9d6a91a\" data-element_type=\"widget\" data-e-type=\"widget\" data-widget_type=\"heading.default\">\n\t\t\t\t\t<h2 class=\"elementor-heading-title elementor-size-default\">Verwendete Arten von Cookies<\/h2>\t\t\t\t<\/div>\n\t\t\t\t<div class=\"elementor-element elementor-element-21990b8 elementor-widget elementor-widget-text-editor\" data-id=\"21990b8\" data-element_type=\"widget\" data-e-type=\"widget\" data-widget_type=\"text-editor.default\">\n\t\t\t\t\t\t\t\t\t<p>Wir verwenden die folgenden Arten von Cookies:<\/p><ul><li><strong>Cookies erforderlich:<\/strong>\u00a0Unerl\u00e4sslich f\u00fcr das Funktionieren der Website, um Ihnen die Navigation und die Nutzung ihrer Funktionen zu erm\u00f6glichen.<\/li><li><strong>Leistungs-Cookies:<\/strong>\u00a0Sie sammeln Informationen dar\u00fcber, wie die Besucher die Website nutzen, und helfen uns zu verstehen, welche Bereiche am beliebtesten sind und wie wir unsere Inhalte verbessern k\u00f6nnen.<\/li><li><strong>Funktionale Cookies:<\/strong>\u00a0Sie erm\u00f6glichen es der Website, sich an die Vorlieben des Nutzers zu erinnern und das Nutzererlebnis zu personalisieren.<\/li><li><strong>Werbe-Cookies:<\/strong>\u00a0Wird verwendet, um relevante Werbung auf der Grundlage der Interessen des Nutzers anzuzeigen und die Wirksamkeit von Werbekampagnen zu messen.<\/li><\/ul>\t\t\t\t\t\t\t\t<\/div>\n\t\t\t\t<\/div>\n\t\t<div class=\"elementor-element elementor-element-8b25eff e-con-full e-flex e-con e-child\" data-id=\"8b25eff\" data-element_type=\"container\" data-e-type=\"container\">\n\t\t\t\t<div class=\"elementor-element elementor-element-bf499b1 elementor-widget elementor-widget-heading\" data-id=\"bf499b1\" data-element_type=\"widget\" data-e-type=\"widget\" data-widget_type=\"heading.default\">\n\t\t\t\t\t<h2 class=\"elementor-heading-title elementor-size-default\">Cookies von Dritten<\/h2>\t\t\t\t<\/div>\n\t\t\t\t<div class=\"elementor-element elementor-element-c8b5e0a elementor-widget elementor-widget-text-editor\" data-id=\"c8b5e0a\" data-element_type=\"widget\" data-e-type=\"widget\" data-widget_type=\"text-editor.default\">\n\t\t\t\t\t\t\t\t\t<p>Zus\u00e4tzlich zu den von uns verwendeten Cookies k\u00f6nnen auch Dritte (z. B. Analyse- und Werbedienste) Cookies auf Ihrem Ger\u00e4t platzieren. Wir haben keine Kontrolle \u00fcber diese Cookies, daher sollten Sie die Datenschutzrichtlinien der Drittanbieter f\u00fcr weitere Informationen konsultieren.<\/p>\t\t\t\t\t\t\t\t<\/div>\n\t\t\t\t<\/div>\n\t\t<div class=\"elementor-element elementor-element-48d6ec6 e-con-full e-flex e-con e-child\" data-id=\"48d6ec6\" data-element_type=\"container\" data-e-type=\"container\">\n\t\t\t\t<div class=\"elementor-element elementor-element-9616561 elementor-widget elementor-widget-heading\" data-id=\"9616561\" data-element_type=\"widget\" data-e-type=\"widget\" data-widget_type=\"heading.default\">\n\t\t\t\t\t<h2 class=\"elementor-heading-title elementor-size-default\">Verwaltung von Cookies<\/h2>\t\t\t\t<\/div>\n\t\t\t\t<div class=\"elementor-element elementor-element-4909f3f elementor-widget elementor-widget-text-editor\" data-id=\"4909f3f\" data-element_type=\"widget\" data-e-type=\"widget\" data-widget_type=\"text-editor.default\">\n\t\t\t\t\t\t\t\t\t<p>Sie k\u00f6nnen Cookies auf verschiedene Weise kontrollieren und verwalten:<\/p><ul><li><strong>Browser-Einstellungen:<\/strong>\u00a0Bei den meisten Browsern k\u00f6nnen Sie Cookies ablehnen oder bereits gespeicherte Cookies l\u00f6schen. Weitere Informationen finden Sie im Hilfemen\u00fc Ihres Browsers.<\/li><li><strong>Option zum L\u00f6schen von Cookies:<\/strong>\u00a0Sie k\u00f6nnen Werbe-Cookies ablehnen, indem Sie die auf den Werbe-Websites verf\u00fcgbaren Opt-out-Tools verwenden.<\/li><\/ul>\t\t\t\t\t\t\t\t<\/div>\n\t\t\t\t<\/div>\n\t\t<div class=\"elementor-element elementor-element-5d5cc79 e-con-full e-flex e-con e-child\" data-id=\"5d5cc79\" data-element_type=\"container\" data-e-type=\"container\">\n\t\t\t\t<div class=\"elementor-element elementor-element-f55682c elementor-widget elementor-widget-heading\" data-id=\"f55682c\" data-element_type=\"widget\" data-e-type=\"widget\" data-widget_type=\"heading.default\">\n\t\t\t\t\t<h2 class=\"elementor-heading-title elementor-size-default\">\u00c4nderungen an dieser Cookie-Richtlinie<\/h2>\t\t\t\t<\/div>\n\t\t\t\t<div class=\"elementor-element elementor-element-e833d16 elementor-widget elementor-widget-text-editor\" data-id=\"e833d16\" data-element_type=\"widget\" data-e-type=\"widget\" data-widget_type=\"text-editor.default\">\n\t\t\t\t\t\t\t\t\t<p>Wir k\u00f6nnen diese Cookie-Richtlinie von Zeit zu Zeit aktualisieren. Wir werden Sie \u00fcber alle \u00c4nderungen informieren, indem wir die neue Richtlinie auf unserer Website ver\u00f6ffentlichen. Wir empfehlen Ihnen, diese Richtlinie regelm\u00e4\u00dfig zu lesen, um \u00fcber unsere Verwendung von Cookies informiert zu bleiben.<\/p>\t\t\t\t\t\t\t\t<\/div>\n\t\t\t\t<\/div>\n\t\t<div class=\"elementor-element elementor-element-a430ff5 e-con-full e-flex e-con e-child\" data-id=\"a430ff5\" data-element_type=\"container\" data-e-type=\"container\">\n\t\t\t\t<div class=\"elementor-element elementor-element-e037502 elementor-widget elementor-widget-heading\" data-id=\"e037502\" data-element_type=\"widget\" data-e-type=\"widget\" data-widget_type=\"heading.default\">\n\t\t\t\t\t<h2 class=\"elementor-heading-title elementor-size-default\">Kontakt<\/h2>\t\t\t\t<\/div>\n\t\t\t\t<div class=\"elementor-element elementor-element-26b5b7a elementor-widget elementor-widget-text-editor\" data-id=\"26b5b7a\" data-element_type=\"widget\" data-e-type=\"widget\" data-widget_type=\"text-editor.default\">\n\t\t\t\t\t\t\t\t\t<p>Wenn Sie Fragen zu dieser Cookie-Richtlinie haben, wenden Sie sich bitte an uns:<\/p><ul><li><strong>E-Mail: <\/strong>portobbelho@gmail.com<\/li><li><strong>Telefon:<\/strong> +351938650805 \/ +351964461767<\/li><li><strong>Adresse:<\/strong> Rua de Belomonte 25, Porto<\/li><\/ul>\t\t\t\t\t\t\t\t<\/div>\n\t\t\t\t<\/div>\n\t\t\t\t<\/div>\n\t\t\t\t<\/div>","protected":false},"excerpt":{"rendered":"<p>Informa\u00e7\u00f5es que recolhemos Recolhemos informa\u00e7\u00f5es pessoais que o utilizador nos fornece diretamente, tais como: Nome Endere\u00e7o de correio eletr\u00f3nico Informa\u00e7\u00f5es de pagamento (processadas atrav\u00e9s de servi\u00e7os de terceiros, como Stripe e PayPal) Detalhes da reserva (datas, tipo de unidade, etc.) Al\u00e9m disso, podemos recolher automaticamente dados como informa\u00e7\u00f5es de navega\u00e7\u00e3o (endere\u00e7o IP, tipo de dispositivo, [&hellip;]<\/p>\n","protected":false},"author":3,"featured_media":0,"parent":0,"menu_order":0,"comment_status":"closed","ping_status":"closed","template":"","meta":{"iawp_total_views":0,"footnotes":""},"class_list":["post-4346","page","type-page","status-publish","hentry"],"_links":{"self":[{"href":"https:\/\/downtownportoedition.com\/de\/wp-json\/wp\/v2\/pages\/4346","targetHints":{"allow":["GET"]}}],"collection":[{"href":"https:\/\/downtownportoedition.com\/de\/wp-json\/wp\/v2\/pages"}],"about":[{"href":"https:\/\/downtownportoedition.com\/de\/wp-json\/wp\/v2\/types\/page"}],"author":[{"embeddable":true,"href":"https:\/\/downtownportoedition.com\/de\/wp-json\/wp\/v2\/users\/3"}],"replies":[{"embeddable":true,"href":"https:\/\/downtownportoedition.com\/de\/wp-json\/wp\/v2\/comments?post=4346"}],"version-history":[{"count":4,"href":"https:\/\/downtownportoedition.com\/de\/wp-json\/wp\/v2\/pages\/4346\/revisions"}],"predecessor-version":[{"id":4350,"href":"https:\/\/downtownportoedition.com\/de\/wp-json\/wp\/v2\/pages\/4346\/revisions\/4350"}],"wp:attachment":[{"href":"https:\/\/downtownportoedition.com\/de\/wp-json\/wp\/v2\/media?parent=4346"}],"curies":[{"name":"wp","href":"https:\/\/api.w.org\/{rel}","templated":true}]}}